{"id":413,"date":"2021-01-10T20:29:46","date_gmt":"2021-01-10T23:29:46","guid":{"rendered":"http:\/\/chambaestudio.com.ar\/sinec\/?page_id=413"},"modified":"2021-01-25T21:04:26","modified_gmt":"2021-01-26T00:04:26","slug":"clients","status":"publish","type":"page","link":"http:\/\/www.grupo-snc.com\/en\/clients\/","title":{"rendered":"Clients"},"content":{"rendered":"","protected":false},"excerpt":{"rendered":"","protected":false},"author":1,"featured_media":0,"parent":0,"menu_order":0,"comment_status":"closed","ping_status":"closed","template":"clientes.en.php","meta":{"_acf_changed":false,"footnotes":""},"acf":[],"yoast_head":"<!-- This site is optimized with the Yoast SEO plugin v22.7 - https:\/\/yoast.com\/wordpress\/plugins\/seo\/ -->\r\n<title>Clients - Grupo SNC<\/title>\r\n<meta name=\"robots\" content=\"index, follow, max-snippet:-1, max-image-preview:large, max-video-preview:-1\" \/>\r\n<link rel=\"canonical\" href=\"https:\/\/www.grupo-snc.com\/en\/clients\/\" \/>\r\n<meta property=\"og:locale\" content=\"en_US\" \/>\r\n<meta property=\"og:type\" content=\"article\" \/>\r\n<meta property=\"og:title\" content=\"Clients - Grupo SNC\" \/>\r\n<meta property=\"og:url\" content=\"https:\/\/www.grupo-snc.com\/en\/clients\/\" \/>\r\n<meta property=\"og:site_name\" content=\"Grupo SNC\" \/>\r\n<meta property=\"article:modified_time\" content=\"2021-01-26T00:04:26+00:00\" \/>\r\n<meta name=\"twitter:card\" content=\"summary_large_image\" \/>\r\n<script type=\"application\/ld+json\" class=\"yoast-schema-graph\">{\"@context\":\"https:\/\/schema.org\",\"@graph\":[{\"@type\":\"WebPage\",\"@id\":\"https:\/\/www.grupo-snc.com\/en\/clients\/\",\"url\":\"https:\/\/www.grupo-snc.com\/en\/clients\/\",\"name\":\"Clients - Grupo SNC\",\"isPartOf\":{\"@id\":\"http:\/\/www.grupo-snc.com\/#website\"},\"datePublished\":\"2021-01-10T23:29:46+00:00\",\"dateModified\":\"2021-01-26T00:04:26+00:00\",\"breadcrumb\":{\"@id\":\"https:\/\/www.grupo-snc.com\/en\/clients\/#breadcrumb\"},\"inLanguage\":\"en-US\",\"potentialAction\":[{\"@type\":\"ReadAction\",\"target\":[\"https:\/\/www.grupo-snc.com\/en\/clients\/\"]}]},{\"@type\":\"BreadcrumbList\",\"@id\":\"https:\/\/www.grupo-snc.com\/en\/clients\/#breadcrumb\",\"itemListElement\":[{\"@type\":\"ListItem\",\"position\":1,\"name\":\"Portada\",\"item\":\"https:\/\/www.grupo-snc.com\/en\/\"},{\"@type\":\"ListItem\",\"position\":2,\"name\":\"Clients\"}]},{\"@type\":\"WebSite\",\"@id\":\"http:\/\/www.grupo-snc.com\/#website\",\"url\":\"http:\/\/www.grupo-snc.com\/\",\"name\":\"Grupo SNC\",\"description\":\"Somos una empresa l\u00edder,  con 11 a\u00f1os de trayector\u00eda reconocida en Argentina,  cuyo prop\u00f3sito es brindar soluciones de vanguardia y a medida, en el \u00e1mbito de la energ\u00eda el\u00e9ctrica\",\"potentialAction\":[{\"@type\":\"SearchAction\",\"target\":{\"@type\":\"EntryPoint\",\"urlTemplate\":\"http:\/\/www.grupo-snc.com\/?s={search_term_string}\"},\"query-input\":\"required name=search_term_string\"}],\"inLanguage\":\"en-US\"}]}<\/script>\r\n<!-- \/ Yoast SEO plugin. -->","yoast_head_json":{"title":"Clients - Grupo SNC","robots":{"index":"index","follow":"follow","max-snippet":"max-snippet:-1","max-image-preview":"max-image-preview:large","max-video-preview":"max-video-preview:-1"},"canonical":"https:\/\/www.grupo-snc.com\/en\/clients\/","og_locale":"en_US","og_type":"article","og_title":"Clients - Grupo SNC","og_url":"https:\/\/www.grupo-snc.com\/en\/clients\/","og_site_name":"Grupo SNC","article_modified_time":"2021-01-26T00:04:26+00:00","twitter_card":"summary_large_image","schema":{"@context":"https:\/\/schema.org","@graph":[{"@type":"WebPage","@id":"https:\/\/www.grupo-snc.com\/en\/clients\/","url":"https:\/\/www.grupo-snc.com\/en\/clients\/","name":"Clients - Grupo SNC","isPartOf":{"@id":"http:\/\/www.grupo-snc.com\/#website"},"datePublished":"2021-01-10T23:29:46+00:00","dateModified":"2021-01-26T00:04:26+00:00","breadcrumb":{"@id":"https:\/\/www.grupo-snc.com\/en\/clients\/#breadcrumb"},"inLanguage":"en-US","potentialAction":[{"@type":"ReadAction","target":["https:\/\/www.grupo-snc.com\/en\/clients\/"]}]},{"@type":"BreadcrumbList","@id":"https:\/\/www.grupo-snc.com\/en\/clients\/#breadcrumb","itemListElement":[{"@type":"ListItem","position":1,"name":"Portada","item":"https:\/\/www.grupo-snc.com\/en\/"},{"@type":"ListItem","position":2,"name":"Clients"}]},{"@type":"WebSite","@id":"http:\/\/www.grupo-snc.com\/#website","url":"http:\/\/www.grupo-snc.com\/","name":"Grupo SNC","description":"Somos una empresa l\u00edder,  con 11 a\u00f1os de trayector\u00eda reconocida en Argentina,  cuyo prop\u00f3sito es brindar soluciones de vanguardia y a medida, en el \u00e1mbito de la energ\u00eda el\u00e9ctrica","potentialAction":[{"@type":"SearchAction","target":{"@type":"EntryPoint","urlTemplate":"http:\/\/www.grupo-snc.com\/?s={search_term_string}"},"query-input":"required name=search_term_string"}],"inLanguage":"en-US"}]}},"_links":{"self":[{"href":"http:\/\/www.grupo-snc.com\/en\/wp-json\/wp\/v2\/pages\/413"}],"collection":[{"href":"http:\/\/www.grupo-snc.com\/en\/wp-json\/wp\/v2\/pages"}],"about":[{"href":"http:\/\/www.grupo-snc.com\/en\/wp-json\/wp\/v2\/types\/page"}],"author":[{"embeddable":true,"href":"http:\/\/www.grupo-snc.com\/en\/wp-json\/wp\/v2\/users\/1"}],"replies":[{"embeddable":true,"href":"http:\/\/www.grupo-snc.com\/en\/wp-json\/wp\/v2\/comments?post=413"}],"version-history":[{"count":3,"href":"http:\/\/www.grupo-snc.com\/en\/wp-json\/wp\/v2\/pages\/413\/revisions"}],"predecessor-version":[{"id":460,"href":"http:\/\/www.grupo-snc.com\/en\/wp-json\/wp\/v2\/pages\/413\/revisions\/460"}],"wp:attachment":[{"href":"http:\/\/www.grupo-snc.com\/en\/wp-json\/wp\/v2\/media?parent=413"}],"curies":[{"name":"wp","href":"https:\/\/api.w.org\/{rel}","templated":true}]}}